{"id":3287,"date":"2023-01-11T11:45:43","date_gmt":"2023-01-11T10:45:43","guid":{"rendered":"https:\/\/puregourmetwater.com\/privacy-policy\/"},"modified":"2024-10-15T09:30:00","modified_gmt":"2024-10-15T07:30:00","slug":"privacy-policy","status":"publish","type":"page","link":"https:\/\/primuswater.com\/de\/privacy-policy\/","title":{"rendered":"Datenschutz"},"content":{"rendered":"\t\t<div data-elementor-type=\"wp-page\" data-elementor-id=\"3287\" class=\"elementor elementor-3287 elementor-828\">\n\t\t\t\t\t\t<section class=\"elementor-section elementor-top-section elementor-element elementor-element-a100984 elementor-section-height-min-height elementor-section-items-bottom elementor-hidden-tablet elementor-hidden-mobile elementor-section-boxed elementor-section-height-default\" data-id=\"a100984\" data-element_type=\"section\" data-settings=\"{&quot;background_background&quot;:&quot;classic&quot;}\">\n\t\t\t\t\t\t\t<div class=\"elementor-background-overlay\"><\/div>\n\t\t\t\t\t\t\t<div class=\"elementor-container elementor-column-gap-default\">\n\t\t\t\t\t<div class=\"elementor-column elementor-col-100 elementor-top-column elementor-element elementor-element-d375fc5\" data-id=\"d375fc5\" data-element_type=\"column\">\n\t\t\t<div class=\"elementor-widget-wrap elementor-element-populated\">\n\t\t\t\t\t\t<div class=\"elementor-element elementor-element-4e140e7 elementor-widget elementor-widget-heading\" data-id=\"4e140e7\" data-element_type=\"widget\" data-widget_type=\"heading.default\">\n\t\t\t\t<div class=\"elementor-widget-container\">\n\t\t\t<h1 class=\"elementor-heading-title elementor-size-default\">Privacy Policy<\/h1>\t\t<\/div>\n\t\t\t\t<\/div>\n\t\t\t\t\t<\/div>\n\t\t<\/div>\n\t\t\t\t\t<\/div>\n\t\t<\/section>\n\t\t\t\t<section class=\"elementor-section elementor-top-section elementor-element elementor-element-2bddee2 elementor-section-height-min-height elementor-section-items-bottom elementor-hidden-desktop elementor-section-boxed elementor-section-height-default\" data-id=\"2bddee2\" data-element_type=\"section\" data-settings=\"{&quot;background_background&quot;:&quot;classic&quot;}\">\n\t\t\t\t\t\t\t<div class=\"elementor-background-overlay\"><\/div>\n\t\t\t\t\t\t\t<div class=\"elementor-container elementor-column-gap-default\">\n\t\t\t\t\t<div class=\"elementor-column elementor-col-100 elementor-top-column elementor-element elementor-element-d8f9370\" data-id=\"d8f9370\" data-element_type=\"column\">\n\t\t\t<div class=\"elementor-widget-wrap elementor-element-populated\">\n\t\t\t\t\t\t<div class=\"elementor-element elementor-element-32c12f8 elementor-widget elementor-widget-heading\" data-id=\"32c12f8\" data-element_type=\"widget\" data-widget_type=\"heading.default\">\n\t\t\t\t<div class=\"elementor-widget-container\">\n\t\t\t<h1 class=\"elementor-heading-title elementor-size-default\">Privacy Policy<\/h1>\t\t<\/div>\n\t\t\t\t<\/div>\n\t\t\t\t\t<\/div>\n\t\t<\/div>\n\t\t\t\t\t<\/div>\n\t\t<\/section>\n\t\t\t\t<section class=\"elementor-section elementor-top-section elementor-element elementor-element-8192d5b elementor-section-height-min-height elementor-section-items-stretch elementor-section-content-middle elementor-section-boxed elementor-section-height-default\" data-id=\"8192d5b\" data-element_type=\"section\" data-settings=\"{&quot;background_background&quot;:&quot;classic&quot;}\">\n\t\t\t\t\t\t\t<div class=\"elementor-background-overlay\"><\/div>\n\t\t\t\t\t\t\t<div class=\"elementor-container elementor-column-gap-no\">\n\t\t\t\t\t<div class=\"elementor-column elementor-col-100 elementor-top-column elementor-element elementor-element-c68cbda\" data-id=\"c68cbda\" data-element_type=\"column\">\n\t\t\t<div class=\"elementor-widget-wrap elementor-element-populated\">\n\t\t\t\t\t\t<div class=\"elementor-element elementor-element-9e8925d elementor-widget elementor-widget-text-editor\" data-id=\"9e8925d\" data-element_type=\"widget\" data-widget_type=\"text-editor.default\">\n\t\t\t\t<div class=\"elementor-widget-container\">\n\t\t\t\t\t\t\t<p><strong>1Primus \u00c1sv\u00e1nyv\u00edz Kft.<\/strong> operates the site <a href=\"https:\/\/primuswater.com\/de\/\">primuswater.com.<\/a><\/p>\n<p><strong>1Primus \u00c1sv\u00e1nyv\u00edz Kft.<\/strong> is committed to protecting users\u2019 privacy and addressing potential privacy concerns. The following information has been posted to help you, the consumer, understand what private information we collect and how your information is used.<\/p>\n\t\t\t\t\t\t<\/div>\n\t\t\t\t<\/div>\n\t\t\t\t<div class=\"elementor-element elementor-element-6bd836d elementor-widget elementor-widget-heading\" data-id=\"6bd836d\" data-element_type=\"widget\" data-widget_type=\"heading.default\">\n\t\t\t\t<div class=\"elementor-widget-container\">\n\t\t\t<h2 class=\"elementor-heading-title elementor-size-default\">Types of private information collected<\/h2>\t\t<\/div>\n\t\t\t\t<\/div>\n\t\t\t\t<div class=\"elementor-element elementor-element-c8148a0 elementor-widget elementor-widget-text-editor\" data-id=\"c8148a0\" data-element_type=\"widget\" data-widget_type=\"text-editor.default\">\n\t\t\t\t<div class=\"elementor-widget-container\">\n\t\t\t\t\t\t\t<p>To best serve your needs, we collect the following types of information when you visit <a href=\"https:\/\/primuswater.com\/de\/\">primuswater.com.<\/a><\/p>\n\t\t\t\t\t\t<\/div>\n\t\t\t\t<\/div>\n\t\t\t\t<div class=\"elementor-element elementor-element-20b4720 elementor-widget elementor-widget-heading\" data-id=\"20b4720\" data-element_type=\"widget\" data-widget_type=\"heading.default\">\n\t\t\t\t<div class=\"elementor-widget-container\">\n\t\t\t<h2 class=\"elementor-heading-title elementor-size-default\">Personal information<\/h2>\t\t<\/div>\n\t\t\t\t<\/div>\n\t\t\t\t<div class=\"elementor-element elementor-element-496e0d9 elementor-widget elementor-widget-text-editor\" data-id=\"496e0d9\" data-element_type=\"widget\" data-widget_type=\"text-editor.default\">\n\t\t\t\t<div class=\"elementor-widget-container\">\n\t\t\t\t\t\t\t<p>We collect the following personal information from our users:<\/p>\n<ul>\n<li>First Name<\/li>\n<li>Last Name<\/li>\n<li>Email address<\/li>\n<\/ul>\n<p>You can always choose to provide less information. However, omitting some of this personal information may limit your ability to access all of the benefits of our website and services.<\/p>\n\t\t\t\t\t\t<\/div>\n\t\t\t\t<\/div>\n\t\t\t\t<div class=\"elementor-element elementor-element-ff0f0ab elementor-widget elementor-widget-heading\" data-id=\"ff0f0ab\" data-element_type=\"widget\" data-widget_type=\"heading.default\">\n\t\t\t\t<div class=\"elementor-widget-container\">\n\t\t\t<h2 class=\"elementor-heading-title elementor-size-default\">Automatically collected information<\/h2>\t\t<\/div>\n\t\t\t\t<\/div>\n\t\t\t\t<div class=\"elementor-element elementor-element-7a2ee50 elementor-widget elementor-widget-text-editor\" data-id=\"7a2ee50\" data-element_type=\"widget\" data-widget_type=\"text-editor.default\">\n\t\t\t\t<div class=\"elementor-widget-container\">\n\t\t\t\t\t\t\t<p>We automatically collect data on how our users visit <a href=\"https:\/\/primuswater.com\/de\/\">primuswater.com<\/a>, such as your IP address, location, browser, browser language, operating system, device identifiers, and cookies.<\/p>\n<p>Our website currently uses cookies to enhance its functionality. You may disable cookies in your web browser, but this may limit your ability to access <a href=\"https:\/\/primuswater.com\/de\/\">primuswater.com<\/a>.<\/p>\n\t\t\t\t\t\t<\/div>\n\t\t\t\t<\/div>\n\t\t\t\t<div class=\"elementor-element elementor-element-4a53868 elementor-widget elementor-widget-heading\" data-id=\"4a53868\" data-element_type=\"widget\" data-widget_type=\"heading.default\">\n\t\t\t\t<div class=\"elementor-widget-container\">\n\t\t\t<h2 class=\"elementor-heading-title elementor-size-default\">Social media information<\/h2>\t\t<\/div>\n\t\t\t\t<\/div>\n\t\t\t\t<div class=\"elementor-element elementor-element-d1b94c9 elementor-widget elementor-widget-text-editor\" data-id=\"d1b94c9\" data-element_type=\"widget\" data-widget_type=\"text-editor.default\">\n\t\t\t\t<div class=\"elementor-widget-container\">\n\t\t\t\t\t\t\t<p>Social media information <strong>1Primus \u00c1sv\u00e1nyv\u00edz Kft.<\/strong> account with a social media account, we also collect information social media networks give us. Depending on the social media network, this can include your username, name, email address, friends list, and more. In addition, we collect demographic data when users interact with <strong>1Primus \u00c1sv\u00e1nyv\u00edz Kft.<\/strong><strong>\u00a0<\/strong>social media accounts.<\/p>\n\t\t\t\t\t\t<\/div>\n\t\t\t\t<\/div>\n\t\t\t\t<div class=\"elementor-element elementor-element-935232e elementor-widget elementor-widget-heading\" data-id=\"935232e\" data-element_type=\"widget\" data-widget_type=\"heading.default\">\n\t\t\t\t<div class=\"elementor-widget-container\">\n\t\t\t<h2 class=\"elementor-heading-title elementor-size-default\">Policy on collecting sensitive personal information<\/h2>\t\t<\/div>\n\t\t\t\t<\/div>\n\t\t\t\t<div class=\"elementor-element elementor-element-f5921fe elementor-widget elementor-widget-text-editor\" data-id=\"f5921fe\" data-element_type=\"widget\" data-widget_type=\"text-editor.default\">\n\t\t\t\t<div class=\"elementor-widget-container\">\n\t\t\t\t\t\t\t<p><strong>1Primus \u00c1sv\u00e1nyv\u00edz Kft.<\/strong> does not gather any of your sensitive personal information, such as your social security number, driver\u2019s license number, race, ethnicity, religion, health metrics, political associations, or details on your criminal background.<\/p>\n\t\t\t\t\t\t<\/div>\n\t\t\t\t<\/div>\n\t\t\t\t<div class=\"elementor-element elementor-element-c0256eb elementor-widget elementor-widget-heading\" data-id=\"c0256eb\" data-element_type=\"widget\" data-widget_type=\"heading.default\">\n\t\t\t\t<div class=\"elementor-widget-container\">\n\t\t\t<h2 class=\"elementor-heading-title elementor-size-default\">How the information collected is used <\/h2>\t\t<\/div>\n\t\t\t\t<\/div>\n\t\t\t\t<div class=\"elementor-element elementor-element-9c404b9 elementor-widget elementor-widget-text-editor\" data-id=\"9c404b9\" data-element_type=\"widget\" data-widget_type=\"text-editor.default\">\n\t\t\t\t<div class=\"elementor-widget-container\">\n\t\t\t\t\t\t\t<p>We only use your personal information to help you utilize everything <strong>1Primus \u00c1sv\u00e1nyv\u00edz Kft.<\/strong>\u00a0has\u00a0to offer. This includes:<\/p>\n<ul>\n<li>Fulfilling customer service requests<\/li>\n<li>Communicating our sales and promotions<\/li>\n<li>Contacting you regarding updates to our company policies<\/li>\n<li>Making all of <strong>1Primus \u00c1sv\u00e1nyv\u00edz Kft.<\/strong>\u00a0\u2019s services available to you in a convenient manner<\/li>\n<li>Providing advertisements that are relevant to you as you visit <a href=\"https:\/\/primuswater.com\/de\/\">primuswater.com<\/a><\/li>\n<li>Evaluating analytics to see how our customers engage with <a href=\"https:\/\/primuswater.com\/de\/\">primuswater.com<\/a><\/li>\n<\/ul>\n\t\t\t\t\t\t<\/div>\n\t\t\t\t<\/div>\n\t\t\t\t<div class=\"elementor-element elementor-element-406b643 elementor-widget elementor-widget-heading\" data-id=\"406b643\" data-element_type=\"widget\" data-widget_type=\"heading.default\">\n\t\t\t\t<div class=\"elementor-widget-container\">\n\t\t\t<h2 class=\"elementor-heading-title elementor-size-default\">Length of time personal information is stored<\/h2>\t\t<\/div>\n\t\t\t\t<\/div>\n\t\t\t\t<div class=\"elementor-element elementor-element-222bbca elementor-widget elementor-widget-text-editor\" data-id=\"222bbca\" data-element_type=\"widget\" data-widget_type=\"text-editor.default\">\n\t\t\t\t<div class=\"elementor-widget-container\">\n\t\t\t\t\t\t\t<p>We may store your personal information for an extended period of time, depending on how we need to use the information. For example, we\u2019ll keep your email address and name on file as long as you have an account with us.primuswater.com<\/p>\n\t\t\t\t\t\t<\/div>\n\t\t\t\t<\/div>\n\t\t\t\t<div class=\"elementor-element elementor-element-d3985ec elementor-widget elementor-widget-heading\" data-id=\"d3985ec\" data-element_type=\"widget\" data-widget_type=\"heading.default\">\n\t\t\t\t<div class=\"elementor-widget-container\">\n\t\t\t<h2 class=\"elementor-heading-title elementor-size-default\">Who the information is shared with<\/h2>\t\t<\/div>\n\t\t\t\t<\/div>\n\t\t\t\t<div class=\"elementor-element elementor-element-0d51314 elementor-widget elementor-widget-text-editor\" data-id=\"0d51314\" data-element_type=\"widget\" data-widget_type=\"text-editor.default\">\n\t\t\t\t<div class=\"elementor-widget-container\">\n\t\t\t\t\t\t\t<p>We may share your information with third parties, but only those affiliates that <strong>1Primus \u00c1sv\u00e1nyv\u00edz Kft.<\/strong>\u00a0has fully vetted and created a partnership with.<\/p>\n<p>The only reason we will ever share your information with affiliates is for the following purposes:<\/p>\n<ul>\n<li>Measuring marketing and advertising performance<\/li>\n<li>Providing excellent customer service<\/li>\n<li>Issuing email and text message communications<\/li>\n<\/ul>\n\t\t\t\t\t\t<\/div>\n\t\t\t\t<\/div>\n\t\t\t\t<div class=\"elementor-element elementor-element-f544459 elementor-widget elementor-widget-heading\" data-id=\"f544459\" data-element_type=\"widget\" data-widget_type=\"heading.default\">\n\t\t\t\t<div class=\"elementor-widget-container\">\n\t\t\t<h2 class=\"elementor-heading-title elementor-size-default\">Information Security<\/h2>\t\t<\/div>\n\t\t\t\t<\/div>\n\t\t\t\t<div class=\"elementor-element elementor-element-b9d21de elementor-widget elementor-widget-text-editor\" data-id=\"b9d21de\" data-element_type=\"widget\" data-widget_type=\"text-editor.default\">\n\t\t\t\t<div class=\"elementor-widget-container\">\n\t\t\t\t\t\t\t<p>We do our best to keep your private information secure and safe. Most of your personal information is encrypted and is therefore protected from being accessed by outside users. However, data leaks and malicious attacks do happen. Please understand that while we do our best to protect your data, providing your personal information is at your own risk.<\/p>\n\t\t\t\t\t\t<\/div>\n\t\t\t\t<\/div>\n\t\t\t\t<div class=\"elementor-element elementor-element-7c46dfc elementor-widget elementor-widget-heading\" data-id=\"7c46dfc\" data-element_type=\"widget\" data-widget_type=\"heading.default\">\n\t\t\t\t<div class=\"elementor-widget-container\">\n\t\t\t<h2 class=\"elementor-heading-title elementor-size-default\">Ability to decline to provide personal information<\/h2>\t\t<\/div>\n\t\t\t\t<\/div>\n\t\t\t\t<div class=\"elementor-element elementor-element-784b7f2 elementor-widget elementor-widget-text-editor\" data-id=\"784b7f2\" data-element_type=\"widget\" data-widget_type=\"text-editor.default\">\n\t\t\t\t<div class=\"elementor-widget-container\">\n\t\t\t\t\t\t\t<p>You can, of course, decline to disclosure your personal information to us. However, the failure to provide us with pertinent information may limit your ability to fully benefit from <strong>1Primus \u00c1sv\u00e1nyv\u00edz Kft.<\/strong>\u00a0and all of its offerings. Remember, we only ask for personal information that can help us fully provide our services to our customers.<\/p>\n\t\t\t\t\t\t<\/div>\n\t\t\t\t<\/div>\n\t\t\t\t<div class=\"elementor-element elementor-element-e64b9c9 elementor-widget elementor-widget-heading\" data-id=\"e64b9c9\" data-element_type=\"widget\" data-widget_type=\"heading.default\">\n\t\t\t\t<div class=\"elementor-widget-container\">\n\t\t\t<h2 class=\"elementor-heading-title elementor-size-default\">Additional questions<\/h2>\t\t<\/div>\n\t\t\t\t<\/div>\n\t\t\t\t<div class=\"elementor-element elementor-element-b8e02a1 elementor-widget elementor-widget-text-editor\" data-id=\"b8e02a1\" data-element_type=\"widget\" data-widget_type=\"text-editor.default\">\n\t\t\t\t<div class=\"elementor-widget-container\">\n\t\t\t\t\t\t\t<p>If you have questions regarding this privacy policy, feel free to contact us at <a href=\"mailto:info@primuswater.com\">info@primuswater.com<\/a>. An <strong>1Primus \u00c1sv\u00e1nyv\u00edz Kft.<\/strong>\u00a0representative will respond to your privacy policy questions as soon as possible.<\/p>\n\t\t\t\t\t\t<\/div>\n\t\t\t\t<\/div>\n\t\t\t\t\t<\/div>\n\t\t<\/div>\n\t\t\t\t\t<\/div>\n\t\t<\/section>\n\t\t\t\t<\/div>\n\t\t","protected":false},"excerpt":{"rendered":"<p>Privacy Policy Privacy Policy 1Primus \u00c1sv\u00e1nyv\u00edz Kft. operates the site primuswater.com. 1Primus \u00c1sv\u00e1nyv\u00edz Kft. is committed to protecting users\u2019 privacy and addressing potential privacy concerns. The following information has been posted to help you, the consumer, understand what private information we collect and how your information is used. Types of private information collected To best [&hellip;]<\/p>\n","protected":false},"author":1,"featured_media":0,"parent":0,"menu_order":0,"comment_status":"closed","ping_status":"closed","template":"","meta":{"site-sidebar-layout":"no-sidebar","site-content-layout":"page-builder","ast-site-content-layout":"full-width-container","site-content-style":"unboxed","site-sidebar-style":"unboxed","ast-global-header-display":"","ast-banner-title-visibility":"","ast-main-header-display":"","ast-hfb-above-header-display":"","ast-hfb-below-header-display":"","ast-hfb-mobile-header-display":"","site-post-title":"disabled","ast-breadcrumbs-content":"","ast-featured-img":"disabled","footer-sml-layout":"","theme-transparent-header-meta":"","adv-header-id-meta":"","stick-header-meta":"","header-above-stick-meta":"","header-main-stick-meta":"","header-below-stick-meta":"","astra-migrate-meta-layouts":"default","ast-page-background-enabled":"default","ast-page-background-meta":{"desktop":{"background-color":"var(--ast-global-color-4)","background-image":"","background-repeat":"repeat","background-position":"center center","background-size":"auto","background-attachment":"scroll","background-type":"","background-media":"","overlay-type":"","overlay-color":"","overlay-opacity":"","overlay-gradient":""},"tablet":{"background-color":"","background-image":"","background-repeat":"repeat","background-position":"center center","background-size":"auto","background-attachment":"scroll","background-type":"","background-media":"","overlay-type":"","overlay-color":"","overlay-opacity":"","overlay-gradient":""},"mobile":{"background-color":"","background-image":"","background-repeat":"repeat","background-position":"center center","background-size":"auto","background-attachment":"scroll","background-type":"","background-media":"","overlay-type":"","overlay-color":"","overlay-opacity":"","overlay-gradient":""}},"ast-content-background-meta":{"desktop":{"background-color":"var(--ast-global-color-5)","background-image":"","background-repeat":"repeat","background-position":"center center","background-size":"auto","background-attachment":"scroll","background-type":"","background-media":"","overlay-type":"","overlay-color":"","overlay-opacity":"","overlay-gradient":""},"tablet":{"background-color":"var(--ast-global-color-5)","background-image":"","background-repeat":"repeat","background-position":"center center","background-size":"auto","background-attachment":"scroll","background-type":"","background-media":"","overlay-type":"","overlay-color":"","overlay-opacity":"","overlay-gradient":""},"mobile":{"background-color":"var(--ast-global-color-5)","background-image":"","background-repeat":"repeat","background-position":"center center","background-size":"auto","background-attachment":"scroll","background-type":"","background-media":"","overlay-type":"","overlay-color":"","overlay-opacity":"","overlay-gradient":""}},"footnotes":""},"class_list":["post-3287","page","type-page","status-publish","hentry"],"yoast_head":"<!-- This site is optimized with the Yoast SEO plugin v23.6 - https:\/\/yoast.com\/wordpress\/plugins\/seo\/ -->\n<title>Datenschutz - Primus Water<\/title>\n<meta name=\"robots\" content=\"noindex, nofollow\" \/>\n<meta property=\"og:locale\" content=\"de_DE\" \/>\n<meta property=\"og:type\" content=\"article\" \/>\n<meta property=\"og:title\" content=\"Datenschutz - Primus Water\" \/>\n<meta property=\"og:description\" content=\"Privacy Policy Privacy Policy 1Primus \u00c1sv\u00e1nyv\u00edz Kft. operates the site primuswater.com. 1Primus \u00c1sv\u00e1nyv\u00edz Kft. is committed to protecting users\u2019 privacy and addressing potential privacy concerns. The following information has been posted to help you, the consumer, understand what private information we collect and how your information is used. Types of private information collected To best [&hellip;]\" \/>\n<meta property=\"og:url\" content=\"https:\/\/primuswater.com\/privacy-policy\/\" \/>\n<meta property=\"og:site_name\" content=\"Primus Water\" \/>\n<meta property=\"article:modified_time\" content=\"2024-10-15T07:30:00+00:00\" \/>\n<meta name=\"twitter:card\" content=\"summary_large_image\" \/>\n<meta name=\"twitter:label1\" content=\"Gesch\u00e4tzte Lesezeit\" \/>\n\t<meta name=\"twitter:data1\" content=\"3\u00a0Minuten\" \/>\n<script type=\"application\/ld+json\" class=\"yoast-schema-graph\">{\"@context\":\"https:\/\/schema.org\",\"@graph\":[{\"@type\":\"WebPage\",\"@id\":\"https:\/\/primuswater.com\/privacy-policy\/\",\"url\":\"https:\/\/primuswater.com\/privacy-policy\/\",\"name\":\"Datenschutz - Primus Water\",\"isPartOf\":{\"@id\":\"https:\/\/primuswater.com\/#website\"},\"datePublished\":\"2023-01-11T10:45:43+00:00\",\"dateModified\":\"2024-10-15T07:30:00+00:00\",\"breadcrumb\":{\"@id\":\"https:\/\/primuswater.com\/privacy-policy\/#breadcrumb\"},\"inLanguage\":\"de\",\"potentialAction\":[{\"@type\":\"ReadAction\",\"target\":[\"https:\/\/primuswater.com\/privacy-policy\/\"]}]},{\"@type\":\"BreadcrumbList\",\"@id\":\"https:\/\/primuswater.com\/privacy-policy\/#breadcrumb\",\"itemListElement\":[{\"@type\":\"ListItem\",\"position\":1,\"name\":\"Home\",\"item\":\"https:\/\/primuswater.com\/\"},{\"@type\":\"ListItem\",\"position\":2,\"name\":\"Datenschutz\"}]},{\"@type\":\"WebSite\",\"@id\":\"https:\/\/primuswater.com\/#website\",\"url\":\"https:\/\/primuswater.com\/\",\"name\":\"Primus Water\",\"description\":\"The elite of mineral waters\",\"publisher\":{\"@id\":\"https:\/\/primuswater.com\/#organization\"},\"potentialAction\":[{\"@type\":\"SearchAction\",\"target\":{\"@type\":\"EntryPoint\",\"urlTemplate\":\"https:\/\/primuswater.com\/?s={search_term_string}\"},\"query-input\":{\"@type\":\"PropertyValueSpecification\",\"valueRequired\":true,\"valueName\":\"search_term_string\"}}],\"inLanguage\":\"de\"},{\"@type\":\"Organization\",\"@id\":\"https:\/\/primuswater.com\/#organization\",\"name\":\"Primus Water\",\"url\":\"https:\/\/primuswater.com\/\",\"logo\":{\"@type\":\"ImageObject\",\"inLanguage\":\"de\",\"@id\":\"https:\/\/primuswater.com\/#\/schema\/logo\/image\/\",\"url\":\"https:\/\/primuswater.com\/wp-content\/uploads\/2023\/01\/pg_pg-logo-fekete.png\",\"contentUrl\":\"https:\/\/primuswater.com\/wp-content\/uploads\/2023\/01\/pg_pg-logo-fekete.png\",\"width\":12500,\"height\":8329,\"caption\":\"Primus Water\"},\"image\":{\"@id\":\"https:\/\/primuswater.com\/#\/schema\/logo\/image\/\"}}]}<\/script>\n<!-- \/ Yoast SEO plugin. -->","yoast_head_json":{"title":"Datenschutz - Primus Water","robots":{"index":"noindex","follow":"nofollow"},"og_locale":"de_DE","og_type":"article","og_title":"Datenschutz - Primus Water","og_description":"Privacy Policy Privacy Policy 1Primus \u00c1sv\u00e1nyv\u00edz Kft. operates the site primuswater.com. 1Primus \u00c1sv\u00e1nyv\u00edz Kft. is committed to protecting users\u2019 privacy and addressing potential privacy concerns. The following information has been posted to help you, the consumer, understand what private information we collect and how your information is used. Types of private information collected To best [&hellip;]","og_url":"https:\/\/primuswater.com\/privacy-policy\/","og_site_name":"Primus Water","article_modified_time":"2024-10-15T07:30:00+00:00","twitter_card":"summary_large_image","twitter_misc":{"Gesch\u00e4tzte Lesezeit":"3\u00a0Minuten"},"schema":{"@context":"https:\/\/schema.org","@graph":[{"@type":"WebPage","@id":"https:\/\/primuswater.com\/privacy-policy\/","url":"https:\/\/primuswater.com\/privacy-policy\/","name":"Datenschutz - Primus Water","isPartOf":{"@id":"https:\/\/primuswater.com\/#website"},"datePublished":"2023-01-11T10:45:43+00:00","dateModified":"2024-10-15T07:30:00+00:00","breadcrumb":{"@id":"https:\/\/primuswater.com\/privacy-policy\/#breadcrumb"},"inLanguage":"de","potentialAction":[{"@type":"ReadAction","target":["https:\/\/primuswater.com\/privacy-policy\/"]}]},{"@type":"BreadcrumbList","@id":"https:\/\/primuswater.com\/privacy-policy\/#breadcrumb","itemListElement":[{"@type":"ListItem","position":1,"name":"Home","item":"https:\/\/primuswater.com\/"},{"@type":"ListItem","position":2,"name":"Datenschutz"}]},{"@type":"WebSite","@id":"https:\/\/primuswater.com\/#website","url":"https:\/\/primuswater.com\/","name":"Primus Water","description":"The elite of mineral waters","publisher":{"@id":"https:\/\/primuswater.com\/#organization"},"potentialAction":[{"@type":"SearchAction","target":{"@type":"EntryPoint","urlTemplate":"https:\/\/primuswater.com\/?s={search_term_string}"},"query-input":{"@type":"PropertyValueSpecification","valueRequired":true,"valueName":"search_term_string"}}],"inLanguage":"de"},{"@type":"Organization","@id":"https:\/\/primuswater.com\/#organization","name":"Primus Water","url":"https:\/\/primuswater.com\/","logo":{"@type":"ImageObject","inLanguage":"de","@id":"https:\/\/primuswater.com\/#\/schema\/logo\/image\/","url":"https:\/\/primuswater.com\/wp-content\/uploads\/2023\/01\/pg_pg-logo-fekete.png","contentUrl":"https:\/\/primuswater.com\/wp-content\/uploads\/2023\/01\/pg_pg-logo-fekete.png","width":12500,"height":8329,"caption":"Primus Water"},"image":{"@id":"https:\/\/primuswater.com\/#\/schema\/logo\/image\/"}}]}},"_links":{"self":[{"href":"https:\/\/primuswater.com\/de\/wp-json\/wp\/v2\/pages\/3287","targetHints":{"allow":["GET"]}}],"collection":[{"href":"https:\/\/primuswater.com\/de\/wp-json\/wp\/v2\/pages"}],"about":[{"href":"https:\/\/primuswater.com\/de\/wp-json\/wp\/v2\/types\/page"}],"author":[{"embeddable":true,"href":"https:\/\/primuswater.com\/de\/wp-json\/wp\/v2\/users\/1"}],"replies":[{"embeddable":true,"href":"https:\/\/primuswater.com\/de\/wp-json\/wp\/v2\/comments?post=3287"}],"version-history":[{"count":5,"href":"https:\/\/primuswater.com\/de\/wp-json\/wp\/v2\/pages\/3287\/revisions"}],"predecessor-version":[{"id":6059,"href":"https:\/\/primuswater.com\/de\/wp-json\/wp\/v2\/pages\/3287\/revisions\/6059"}],"wp:attachment":[{"href":"https:\/\/primuswater.com\/de\/wp-json\/wp\/v2\/media?parent=3287"}],"curies":[{"name":"wp","href":"https:\/\/api.w.org\/{rel}","templated":true}]}}